{"id":2972,"date":"2025-08-25T21:34:18","date_gmt":"2025-08-25T21:34:18","guid":{"rendered":"https:\/\/pcsystem.shop\/?page_id=2972"},"modified":"2026-01-26T17:26:19","modified_gmt":"2026-01-26T17:26:19","slug":"politica-de-privacidad","status":"publish","type":"page","link":"https:\/\/pcsystem.shop\/cat\/politica-de-privacidad\/","title":{"rendered":"Pol\u00edtica de privacitat"},"content":{"rendered":"<p>Darrera actualitzaci\u00f3: 7 d'agost de 2025<\/p>\n\n\n\n<p>Aquesta Pol\u00edtica de Privadesa descriu les nostres pol\u00edtiques i procediments sobre la recopilaci\u00f3, l'\u00fas i la divulgaci\u00f3 de la seva informaci\u00f3 quan utilitza el Servei, i l'informa sobre els seus drets de privadesa i com la llei el protegeix.<\/p>\n\n\n\n<p>Utilitzem les vostres dades personals per proporcionar i millorar el Servei. En utilitzar el Servei, vost\u00e8 accepta la recopilaci\u00f3 i \u00fas d'informaci\u00f3 d'acord amb aquesta Pol\u00edtica de Privadesa. Aquesta Pol\u00edtica de Privadesa s'ha creat amb l'ajuda del Generador de Pol\u00edtiques de Privadesa.<\/p>\n\n\n\n<p><strong>Interpretaci\u00f3 i definicions<\/strong><\/p>\n\n\n\n<p><strong>Interpretaci\u00f3<\/strong><\/p>\n\n\n\n<p>Les paraules la lletra inicial de les quals \u00e9s maj\u00fascula tenen significats definits en les seg\u00fcents condicions. Les definicions seg\u00fcents tindran el mateix significat independentment de si apareixen en singular o plural.<\/p>\n\n\n\n<p><strong>Definicions<\/strong><\/p>\n\n\n\n<p>A efectes d'aquesta Pol\u00edtica de Privadesa:<\/p>\n\n\n\n<p><strong>Compte<\/strong> <\/p>\n\n\n\n<p>Es refereix a un compte \u00fanic creat perqu\u00e8 accedeixi al nostre Servei oa parts del mateix.<\/p>\n\n\n\n<p><strong>Afiliat<\/strong> <\/p>\n\n\n\n<p>Es refereix a una entitat que controla, est\u00e0 controlada per o est\u00e0 sota control com\u00fa amb una part, on \u201ccontrol\u201d significa la propietat del 50% o m\u00e9s de les accions, participacions socials o altres valors amb dret a vot per a l'elecci\u00f3 de directors o una altra autoritat administrativa.<\/p>\n\n\n\n<p><strong>Empresa <\/strong>(denominada en aquest Acord com \u00abl'Empresa\u00bb, \u00abNosaltres\u00bb, \u00abEns\u00bb o \u00abEl nostre\u00bb) es refereix a Pcsytem, \u200b\u200bCarrer del Compositor Abd\u00f3 Mund\u00ed, 9, Local A\u00a0, 17600 Figueres, Girona.<\/p>\n\n\n\n<p>Les cookies s\u00f3n petits arxius que un lloc web col\u00b7loca al vostre ordinador, dispositiu m\u00f2bil o qualsevol altre dispositiu, i que contenen, entre altres usos, la informaci\u00f3 del vostre historial de navegaci\u00f3 en aquest lloc web.<\/p>\n\n\n\n<p>Pa\u00eds: Espanya<\/p>\n\n\n\n<p><strong>Dispositiu<\/strong>: <\/p>\n\n\n\n<p>Qualsevol dispositiu que pugui accedir al Servei, com ara un ordinador, un tel\u00e8fon m\u00f2bil o una tauleta digital.<\/p>\n\n\n\n<p><strong>Dades Personals<\/strong>:<\/p>\n\n\n\n<p> Qualsevol informaci\u00f3 relacionada amb una persona f\u00edsica identificada o identificable.<\/p>\n\n\n\n<p><strong>Servei<\/strong>: el Lloc Web.<\/p>\n\n\n\n<p><strong>Prove\u00efdor de Serveis<\/strong>:<\/p>\n\n\n\n<p> Qualsevol persona f\u00edsica o jur\u00eddica que tracti les dades en nom de lempresa. Es refereix a empreses o persones externes contractades per l'empresa per facilitar el servei, prestar-lo en nom de l'empresa, realitzar serveis relacionats amb el servei o ajudar l'empresa a analitzar-ne l'\u00fas.<\/p>\n\n\n\n<p><strong>Dades d'\u00fas:<\/strong> <\/p>\n\n\n\n<p>Les dades recopilades autom\u00e0ticament, ja siguin generades per l'\u00fas del Servei o per la mateixa infraestructura del Servei (per exemple, la durada d'una visita a la p\u00e0gina).<\/p>\n\n\n\n<p><strong>Lloc Web:<\/strong> <\/p>\n\n\n\n<p>Pcsystem, accessible des de https:\/\/pcsystem.shop\/<\/p>\n\n\n\n<p><strong>Vost\u00e8<\/strong>:<\/p>\n\n\n\n<p> la persona que accedeix o utilitza el Servei, o lempresa o una altra entitat legal en nom de la qual aquesta persona accedeix o utilitza el Servei, segons correspongui.<\/p>\n\n\n\n<p><strong>Recull i \u00fas de les vostres dades personals<\/strong><\/p>\n\n\n\n<p><strong>Tipus de dades recopilades<\/strong><\/p>\n\n\n\n<p><strong>Dades personals<\/strong><\/p>\n\n\n\n<p>En utilitzar el nostre Servei, podr\u00edem sol\u00b7licitar informaci\u00f3 personal que es pugui utilitzar per contactar-lo o identificar-lo. Aquesta informaci\u00f3 pot incloure, entre d'altres:<\/p>\n\n\n\n<p>Correu electr\u00f2nic<\/p>\n\n\n\n<p>Nom i cognoms<\/p>\n\n\n\n<p>N\u00famero de tel\u00e9fono<\/p>\n\n\n\n<p><strong>Dades d\u00fas<\/strong><\/p>\n\n\n\n<p>Les dades d'\u00fas es recopilen autom\u00e0ticament en utilitzar el Servei.<\/p>\n\n\n\n<p>Aquestes Dades poden incloure informaci\u00f3 com l'adre\u00e7a IP del vostre dispositiu (p. ex., l'adre\u00e7a IP), el tipus i la versi\u00f3 del navegador, les p\u00e0gines del nostre Servei que visiteu, l'hora i la data de la vostra visita, el temps que passa en aquestes p\u00e0gines, identificadors \u00fanics del dispositiu i altres dades de diagn\u00f2stic.<\/p>\n\n\n\n<p>Quan accediu al Servei a trav\u00e9s d'un dispositiu m\u00f2bil, podem recopilar certa informaci\u00f3 autom\u00e0ticament, incloent-hi, entre d'altres, el tipus de dispositiu m\u00f2bil que utilitza, l'ID \u00fanic del dispositiu m\u00f2bil, l'adre\u00e7a IP, el sistema operatiu, el tipus de navegador d'internet m\u00f2bil que utilitza, els identificadors \u00fanics del dispositiu i altres dades de diagn\u00f2stic.<\/p>\n\n\n\n<p>Tamb\u00e9 podem recopilar informaci\u00f3 que el vostre navegador envia cada vegada que visita el nostre Servei o quan hi accedeix a trav\u00e9s d'un dispositiu m\u00f2bil.<\/p>\n\n\n\n<p><strong>Tecnologies de seguiment i cookies<\/strong><\/p>\n\n\n\n<p>Utilitzem cookies i tecnologies de seguiment similars per rastrejar l'activitat al nostre Servei i emmagatzemar certa informaci\u00f3. Les tecnologies de seguiment que fem servir s\u00f3n balises, etiquetes i scripts per recopilar i rastrejar informaci\u00f3, aix\u00ed com per millorar i analitzar el nostre Servei. Les tecnologies que utilitzem poden incloure:<\/p>\n\n\n\n<p><strong>&nbsp;&nbsp;&nbsp;&nbsp;Galetes o galetes del navegador<\/strong>:<\/p>\n\n\n\n<p>Una galeta \u00e9s un petit fitxer que s'emmagatzema al dispositiu. Podeu configurar el vostre navegador perqu\u00e8 rebutgi totes les cookies o perqu\u00e8 us indiqui quan se n'envia una. No obstant aix\u00f2, si no accepteu les galetes, \u00e9s possible que no pugueu utilitzar algunes parts del nostre Servei. A menys que hagueu configurat el vostre navegador perqu\u00e8 rebutgi les cookies, el nostre Servei podria usar-les.<\/p>\n\n\n\n<p><strong>Balises web<\/strong>: <\/p>\n\n\n\n<p>Algunes seccions del nostre Servei i els nostres correus electr\u00f2nics poden contenir petits arxius electr\u00f2nics coneguts com a balises web (tamb\u00e9 coneguts com a GIF transparents, etiquetes de p\u00edxel i GIF d'un sol p\u00edxel). Aquests fitxers permeten a la Companyia, per exemple, comptabilitzar els usuaris que han visitat aquestes p\u00e0gines o han obert un correu electr\u00f2nic, aix\u00ed com altres estad\u00edstiques relacionades amb el lloc web (per exemple, registrar la popularitat d'una secci\u00f3 espec\u00edfica i verificar la integritat del sistema i del servidor).<\/p>\n\n\n\n<p>Les galetes poden ser persistents o de sessi\u00f3. Les persistents romanen al vostre ordinador o dispositiu m\u00f2bil quan es desconnecta, mentre que les de sessi\u00f3 s'eliminen en tancar el navegador. M\u00e9s informaci\u00f3 sobre les galetes a l'article sobre les Pol\u00edtiques de Privadesa del lloc web.<\/p>\n\n\n\n<p>Utilitzem cookies de sessi\u00f3 i persistents per als fins que es detallen a continuaci\u00f3:<\/p>\n\n\n\n<p><strong>Cookies necess\u00e0ries\/Essencials<\/strong><\/p>\n\n\n\n<p>Tipus: Cookies de sessi\u00f3<\/p>\n\n\n\n<p>Administrades per: Nosaltres<\/p>\n\n\n\n<p>Finalitat: Aquestes galetes s\u00f3n essencials per proporcionar-vos els serveis disponibles a trav\u00e9s del lloc web i permetre-vos utilitzar algunes de les seves funcions. Ajuden a autenticar els usuaris i evitar l'\u00fas fraudulent dels comptes d'usuari. Sense aquestes galetes, no podem proporcionar-vos els serveis que heu sol\u00b7licitat, i nom\u00e9s les utilitzem per proporcionar-vos aquests serveis.<\/p>\n\n\n\n<p><strong>Pol\u00edtica de galetes \/ galetes d'acceptaci\u00f3 de l'av\u00eds<\/strong><\/p>\n\n\n\n<p>Tipus: Cookies Persistents<\/p>\n\n\n\n<p>Administrades per: Nosaltres<\/p>\n\n\n\n<p>Finalitat: Aquestes galetes identifiquen si els usuaris han acceptat l'\u00fas de galetes al lloc web.<\/p>\n\n\n\n<p><strong>Galetes de Funcionalitat<\/strong><\/p>\n\n\n\n<p>Tipus: Cookies Persistents<\/p>\n\n\n\n<p>Administrades per: Nosaltres<\/p>\n\n\n\n<p>Finalitat: Aquestes cookies ens permeten recordar les opcions que trieu en utilitzar el lloc web, com ara les vostres dades d'inici de sessi\u00f3 o la vostra prefer\u00e8ncia d'idioma. L'objectiu d'aquestes cookies \u00e9s oferir-vos una experi\u00e8ncia m\u00e9s personalitzada i evitar que h\u00e0giu de tornar a ingressar les vostres prefer\u00e8ncies cada vegada que utilitzeu el lloc web.<\/p>\n\n\n\n<p>Per obtenir m\u00e9s informaci\u00f3 sobre les cookies que utilitzem i les seves opcions pel que fa a les cookies, visiteu la nostra Pol\u00edtica de cookies o la secci\u00f3 de Cookies de la nostra Pol\u00edtica de privadesa.<\/p>\n\n\n\n<p>\u00das de les vostres dades personals<\/p>\n\n\n\n<p>L'Empresa podr\u00e0 utilitzar les vostres dades personals per a les seg\u00fcents finalitats:<\/p>\n\n\n\n<p><strong>Per proporcionar i mantenir el nostre Servei<\/strong>, incl\u00f2s el monitoratge de l'\u00fas del mateix.<\/p>\n\n\n\n<p>La Companyia podr\u00e0 utilitzar les Dades Personals per a les seg\u00fcents finalitats:<\/p>\n\n\n\n<p>Per proporcionar i mantenir el nostre Servei, incl\u00f2s el monitoratge de l\u00fas del mateix.<\/p>\n\n\n\n<p><strong>Per gestionar el vostre compte:<\/strong><\/p>\n\n\n\n<p><strong> <\/strong>Per gestionar el vostre registre com a usuari del Servei. Les dades personals que proporcioneu poden donar-li acc\u00e9s a diferents funcionalitats del Servei disponibles com a usuari registrat.<\/p>\n\n\n\n<p><strong>Per a l'execuci\u00f3 d'un contracte: <\/strong><\/p>\n\n\n\n<p>El desenvolupament, compliment i execuci\u00f3 del contracte de compra dels productes, articles o serveis que ha adquirit o de qualsevol altre contracte amb Nosaltres a trav\u00e9s del Servei.<\/p>\n\n\n\n<p><strong>Per contactar-vos:<\/strong> <\/p>\n\n\n\n<p>Per contactar-vos per correu electr\u00f2nic, trucades telef\u00f2niques, SMS o altres formes equivalents de comunicaci\u00f3 electr\u00f2nica, com les notificacions push d'una aplicaci\u00f3 m\u00f2bil sobre actualitzacions o comunicacions informatives relacionades amb les funcionalitats, productes o serveis contractats, incloses les actualitzacions de seguretat, quan sigui necessari o raonable per a la seva implementaci\u00f3.<\/p>\n\n\n\n<p>Per brindar-li not\u00edcies ofertes especials i informaci\u00f3 general sobre altres b\u00e9ns, serveis i esdeveniments que oferim i que siguin similars als que ja ha comprat o consultat, llevat que hagi optat per no rebre aquesta informaci\u00f3.<\/p>\n\n\n\n<p><strong>Per gestionar les vostres sol\u00b7licituds:<\/strong><\/p>\n\n\n\n<p><strong> <\/strong>Per atendre i gestionar les sol\u00b7licituds que ens envieu.<br><strong>Per a transfer\u00e8ncies comercials:<\/strong> <\/p>\n\n\n\n<p>Podem utilitzar la vostra informaci\u00f3 per avaluar o dur a terme una fusi\u00f3, desinversi\u00f3, reestructuraci\u00f3, reorganitzaci\u00f3, dissoluci\u00f3 o una altra venda o transfer\u00e8ncia de part o la totalitat dels nostres actius, ja sigui com a empresa en funcionament o com a part d'un proc\u00e9s de fallida, liquidaci\u00f3 o similar, en qu\u00e8 les dades personals que conservem sobre els usuaris dels nostres serveis es trobin entre els actius.<\/p>\n\n\n\n<p>Per altres finalitats: Podem utilitzar la vostra informaci\u00f3 per altres finalitats, com an\u00e0lisi de dades, identificaci\u00f3 de tend\u00e8ncies d'\u00fas, determinaci\u00f3 de l'efectivitat de les nostres campanyes promocionals i per avaluar i millorar el nostre Servei, productes, serveis, m\u00e0rqueting i la seva experi\u00e8ncia.<\/p>\n\n\n\n<p>Podem compartir la vostra informaci\u00f3 personal en les situacions seg\u00fcents:<\/p>\n\n\n\n<p><strong>Amb prove\u00efdors de serveis: <\/strong><\/p>\n\n\n\n<p>Podem compartir la vostra informaci\u00f3 personal amb prove\u00efdors de serveis per monitoritzar i analitzar l'\u00fas del nostre Servei i per comunicar-nos amb vost\u00e8.<br><\/p>\n\n\n\n<p><strong>Per a transfer\u00e8ncies comercials: <\/strong><\/p>\n\n\n\n<p>Podem compartir o transferir la vostra informaci\u00f3 personal en relaci\u00f3 amb, o durant les negociacions de, qualsevol fusi\u00f3, venda d'actius de l'empresa, finan\u00e7ament o adquisici\u00f3 de la totalitat o una part del nostre negoci a una altra empresa.<\/p>\n\n\n\n<p><strong>Amb Afiliats:<\/strong><\/p>\n\n\n\n<p><strong> <\/strong>Podem compartir la seva informaci\u00f3 amb els nostres afiliats, en aquest cas els exigirem que compleixin aquesta Pol\u00edtica de Privadesa. Els afiliats inclouen la nostra empresa matriu i qualsevol altra subsidi\u00e0ria, soci d'empresa conjunta o altres empreses que controlem o estiguin sota el nostre control com\u00fa.<\/p>\n\n\n\n<p><strong>Amb socis comercials:<\/strong><\/p>\n\n\n\n<p> Podem compartir la seva informaci\u00f3 amb els nostres socis comercials per oferir certs productes, serveis o promocions.<\/p>\n\n\n\n<p><strong>Amb altres usuaris: <\/strong><\/p>\n\n\n\n<p>Quan comparteix informaci\u00f3 personal o interactua d'una altra manera en \u00e0rees p\u00fabliques amb altres usuaris, aquesta informaci\u00f3 pot ser vista per tots els usuaris i es pot distribuir p\u00fablicament a l'exterior.<\/p>\n\n\n\n<p><strong>Amb el vostre consentiment: <\/strong><\/p>\n\n\n\n<p>Podem divulgar la vostra informaci\u00f3 personal per a qualsevol altre prop\u00f2sit amb el vostre consentiment.<\/p>\n\n\n\n<p><strong>Conservaci\u00f3 de les vostres dades personals<\/strong><br>L'Empresa conservar\u00e0 les vostres dades personals \u00fanicament durant el temps necessari per als fins establerts en aquesta Pol\u00edtica de Privadesa. Conservarem i utilitzarem les vostres dades personals en la mesura necess\u00e0ria per complir les nostres obligacions legals (per exemple, si estem obligats a conservar les vostres dades per complir la legislaci\u00f3 aplicable), resoldre disputes i fer complir els nostres acords i pol\u00edtiques legals.<\/p>\n\n\n\n<p>La Companyia tamb\u00e9 conservar\u00e0 les dades d'\u00fas per a finalitats d'an\u00e0lisi interna. Generalment, aquestes dades es conserven durant un per\u00edode m\u00e9s curt, excepte quan es facin servir per refor\u00e7ar la seguretat o millorar la funcionalitat del nostre Servei, o quan estiguem legalment obligats a conservar-les durant per\u00edodes m\u00e9s llargs.<\/p>\n\n\n\n<p><strong>Transfer\u00e8ncia de les vostres dades personals<\/strong><\/p>\n\n\n\n<p>La seva informaci\u00f3, incloses les seves dades personals, es processa a les oficines operatives de la Companyia ia qualsevol altre lloc on es trobin les parts involucrades en el processament. Aix\u00f2 significa que aquesta informaci\u00f3 es pot transferir i emmagatzemar en ordinadors ubicats fora del seu estat, prov\u00edncia, pa\u00eds o una altra jurisdicci\u00f3 governamental on les lleis de protecci\u00f3 de dades poden diferir de les de la seva jurisdicci\u00f3.<br>El seu consentiment a aquesta Pol\u00edtica de Privadesa, seguit de l'enviament d'aquesta informaci\u00f3, representa la seva acceptaci\u00f3 d'aquesta transfer\u00e8ncia.<br>La Companyia prendr\u00e0 totes les mesures raonablement necess\u00e0ries per garantir que les vostres dades es tractin de forma segura i d'acord amb aquesta Pol\u00edtica de Privadesa, i no es realitzar\u00e0 cap transfer\u00e8ncia de les vostres Dades Personals a cap organitzaci\u00f3 o pa\u00eds llevat que hi hagi controls adequats, incloent la seguretat de les vostres dades i altra informaci\u00f3 personal.<\/p>\n\n\n\n<p><strong>Elimina les teves dades personals<\/strong><\/p>\n\n\n\n<p>Teniu dret a eliminar o sol\u00b7licitar la nostra assist\u00e8ncia per eliminar les Dades Personals que h\u00e0gim recopilat sobre vost\u00e8.<br>El nostre Servei pot permetre eliminar certa informaci\u00f3 sobre vost\u00e8 des del mateix.<br>Podeu actualitzar, modificar o eliminar la vostra informaci\u00f3 en qualsevol moment iniciant sessi\u00f3 al vostre Compte (si en teniu un) i visitant la secci\u00f3 de configuraci\u00f3 del compte, que us permet administrar la vostra informaci\u00f3 personal. Tamb\u00e9 podeu contactar-nos per sol\u00b7licitar acc\u00e9s, corregir o eliminar qualsevol informaci\u00f3 personal que ens hagi proporcionat.<br>Sin embargo, tenga en cuenta que podr\u00edamos necesitar conservar cierta informaci\u00f3n cuando tengamos una obligaci\u00f3n legal o una base legal para hacerlo.<\/p>\n\n\n\n<p><strong>Divulgaci\u00f3 de les vostres dades personals<br>Transaccions comercials<\/strong><\/p>\n\n\n\n<p>Si la Companyia participa en una fusi\u00f3, adquisici\u00f3 o venda d'actius, les Dades Personals podrien ser transferides. Us notificarem abans que les vostres Dades Personals siguin transferides i quedin subjectes a una Pol\u00edtica de Privadesa diferent.<\/p>\n\n\n\n<p><strong>Compliment de la llei<\/strong><br>En determinades circumst\u00e0ncies, la Companyia es podria veure obligada a divulgar les seves Dades Personals si aix\u00ed ho exigeix \u200b\u200bla llei o en resposta a sol\u00b7licituds v\u00e0lides de les autoritats p\u00fabliques (per exemple, un tribunal o una ag\u00e8ncia governamental).<\/p>\n\n\n\n<p><strong>Altres requisits legals<\/strong><br>L'empresa podr\u00e0 divulgar les seves dades personals si considera de bona fe que aquesta acci\u00f3 \u00e9s necess\u00e0ria per a:<\/p>\n\n\n\n<p><strong>Cumplir con una obligaci\u00f3n legal<\/strong><br>\u00b7 Protegir i defensar els drets o la propietat de la Companyia<br>\u00b7 Prevenir o investigar possibles infraccions en relaci\u00f3 amb el Servei<br>\u00b7 Protegir la seguretat personal dels Usuaris del Servei o del p\u00fablic<br>\u00b7 Protegir-se contra la responsabilitat legal<\/p>\n\n\n\n<p><strong>Seguretat de les vostres dades personals<\/strong><br>La seguretat de les vostres Dades Personals \u00e9s important per a Nosaltres, per\u00f2 recordeu que cap m\u00e8tode de transmissi\u00f3 per internet ni m\u00e8tode d'emmagatzematge electr\u00f2nic \u00e9s 100% segur. Si b\u00e9 ens esforcem per utilitzar mitjans comercialment acceptables per protegir les vostres dades personals, no podem garantir la vostra seguretat absoluta.<\/p>\n\n\n\n<p><strong>Privacidad Infantil<\/strong><br>El nostre Servei no s'adre\u00e7a a menors de 13 anys. No recopilem deliberadament informaci\u00f3 personal identificable de menors de 13 anys. Si sou pare, mare o tutor i sabeu que el vostre fill ens ha proporcionat Dades Personals, poseu-vos en contacte amb nosaltres. Si detectem que hem recopilat dades personals de menors de 13 anys sense verificar el consentiment parental, prendrem mesures per eliminar aquesta informaci\u00f3 dels nostres servidors.<br>Si necesitamos el consentimiento como base legal para procesar su informaci\u00f3n y su pa\u00eds exige el consentimiento parental, podr\u00edamos requerir su consentimiento antes de recopilar y utilizar dicha informaci\u00f3n.<\/p>\n\n\n\n<p><strong>Links to Other Websites<\/strong><br>El servei \u00e9s comptar links per a altres llocs web que no estan operatius. If You click a la part link third, You will be directed to that third party's site. We strongly advise You to review la Privacy Policy of every site You visit.<br>No s'ha controlat i assumeix no responsabilitat per a aquest content, privacy policies or practices d'any third party sites or services.<\/p>\n\n\n\n<p><strong>Canvis a aquesta Pol\u00edtica de Privadesa<\/strong><br>Podem actualitzar la nostra Pol\u00edtica de Privadesa peri\u00f2dicament. Us notificarem qualsevol canvi publicant la nova Pol\u00edtica de Privadesa en aquesta p\u00e0gina.<br>Us informarem per correu electr\u00f2nic o mitjan\u00e7ant un av\u00eds destacat al nostre Servei abans que el canvi entri en vigor i actualitzarem la data d'\u00ab\u00daltima actualitzaci\u00f3\u00bb a la part superior d'aquesta Pol\u00edtica de Privadesa.<br>Us recomanem revisar aquesta Pol\u00edtica de Privadesa peri\u00f2dicament per estar al corrent de qualsevol canvi. Els canvis a aquesta Pol\u00edtica de Privadesa entren en vigor en el moment de la seva publicaci\u00f3 en aquesta p\u00e0gina.<\/p>\n\n\n\n<p><strong>Contacta'ns<\/strong><br>Si tens alguna pregunta sobre aquesta Pol\u00edtica de Privadesa, pots contactar-nos:<br>Per correu electr\u00f2nic: info@pcsystem.shop<br>Visita la nostra p\u00e0gina web: https:\/\/pcsystem.shop\/<br>Per tel\u00e8fon: 972508030<\/p>","protected":false},"excerpt":{"rendered":"<p>\u00daltima actualizaci\u00f3n: 7 de agosto de 2025 Esta Pol\u00edtica de Privacidad describe nuestras pol\u00edticas y procedimientos sobre la recopilaci\u00f3n, el uso y la divulgaci\u00f3n de su informaci\u00f3n cuando utiliza el Servicio, y le informa sobre sus derechos de privacidad y c\u00f3mo la ley lo protege. Utilizamos sus datos personales para proporcionar y mejorar el Servicio. [&hellip;]<\/p>","protected":false},"author":1,"featured_media":0,"parent":0,"menu_order":0,"comment_status":"closed","ping_status":"closed","template":"","meta":{"_uag_custom_page_level_css":"","site-sidebar-layout":"default","site-content-layout":"","ast-site-content-layout":"default","site-content-style":"default","site-sidebar-style":"default","ast-global-header-display":"","ast-banner-title-visibility":"","ast-main-header-display":"","ast-hfb-above-header-display":"","ast-hfb-below-header-display":"","ast-hfb-mobile-header-display":"","site-post-title":"","ast-breadcrumbs-content":"","ast-featured-img":"","footer-sml-layout":"","theme-transparent-header-meta":"","adv-header-id-meta":"","stick-header-meta":"","header-above-stick-meta":"","header-main-stick-meta":"","header-below-stick-meta":"","astra-migrate-meta-layouts":"set","ast-page-background-enabled":"default","ast-page-background-meta":{"desktop":{"background-color":"","background-image":"","background-repeat":"repeat","background-position":"center center","background-size":"auto","background-attachment":"scroll","background-type":"","background-media":"","overlay-type":"","overlay-color":"","overlay-opacity":"","overlay-gradient":""},"tablet":{"background-color":"","background-image":"","background-repeat":"repeat","background-position":"center center","background-size":"auto","background-attachment":"scroll","background-type":"","background-media":"","overlay-type":"","overlay-color":"","overlay-opacity":"","overlay-gradient":""},"mobile":{"background-color":"","background-image":"","background-repeat":"repeat","background-position":"center center","background-size":"auto","background-attachment":"scroll","background-type":"","background-media":"","overlay-type":"","overlay-color":"","overlay-opacity":"","overlay-gradient":""}},"ast-content-background-meta":{"desktop":{"background-color":"var(--ast-global-color-5)","background-image":"","background-repeat":"repeat","background-position":"center center","background-size":"auto","background-attachment":"scroll","background-type":"","background-media":"","overlay-type":"","overlay-color":"","overlay-opacity":"","overlay-gradient":""},"tablet":{"background-color":"var(--ast-global-color-5)","background-image":"","background-repeat":"repeat","background-position":"center center","background-size":"auto","background-attachment":"scroll","background-type":"","background-media":"","overlay-type":"","overlay-color":"","overlay-opacity":"","overlay-gradient":""},"mobile":{"background-color":"var(--ast-global-color-5)","background-image":"","background-repeat":"repeat","background-position":"center center","background-size":"auto","background-attachment":"scroll","background-type":"","background-media":"","overlay-type":"","overlay-color":"","overlay-opacity":"","overlay-gradient":""}},"footnotes":""},"class_list":["post-2972","page","type-page","status-publish","hentry"],"uagb_featured_image_src":{"full":false,"thumbnail":false,"medium":false,"medium_large":false,"large":false,"1536x1536":false,"2048x2048":false,"trp-custom-language-flag":false},"uagb_author_info":{"display_name":"admin","author_link":"https:\/\/pcsystem.shop\/cat\/author\/admin\/"},"uagb_comment_info":0,"uagb_excerpt":"\u00daltima actualizaci\u00f3n: 7 de agosto de 2025 Esta Pol\u00edtica de Privacidad describe nuestras pol\u00edticas y procedimientos sobre la recopilaci\u00f3n, el uso y la divulgaci\u00f3n de su informaci\u00f3n cuando utiliza el Servicio, y le informa sobre sus derechos de privacidad y c\u00f3mo la ley lo protege. Utilizamos sus datos personales para proporcionar y mejorar el Servicio.&hellip;","_links":{"self":[{"href":"https:\/\/pcsystem.shop\/cat\/wp-json\/wp\/v2\/pages\/2972","targetHints":{"allow":["GET"]}}],"collection":[{"href":"https:\/\/pcsystem.shop\/cat\/wp-json\/wp\/v2\/pages"}],"about":[{"href":"https:\/\/pcsystem.shop\/cat\/wp-json\/wp\/v2\/types\/page"}],"author":[{"embeddable":true,"href":"https:\/\/pcsystem.shop\/cat\/wp-json\/wp\/v2\/users\/1"}],"replies":[{"embeddable":true,"href":"https:\/\/pcsystem.shop\/cat\/wp-json\/wp\/v2\/comments?post=2972"}],"version-history":[{"count":17,"href":"https:\/\/pcsystem.shop\/cat\/wp-json\/wp\/v2\/pages\/2972\/revisions"}],"predecessor-version":[{"id":3264,"href":"https:\/\/pcsystem.shop\/cat\/wp-json\/wp\/v2\/pages\/2972\/revisions\/3264"}],"wp:attachment":[{"href":"https:\/\/pcsystem.shop\/cat\/wp-json\/wp\/v2\/media?parent=2972"}],"curies":[{"name":"wp","href":"https:\/\/api.w.org\/{rel}","templated":true}]}}