{"id":1402,"date":"2025-07-02T20:35:17","date_gmt":"2025-07-02T20:35:17","guid":{"rendered":"https:\/\/pcsystem.shop\/contact\/"},"modified":"2025-10-05T17:28:51","modified_gmt":"2025-10-05T17:28:51","slug":"contact","status":"publish","type":"page","link":"https:\/\/pcsystem.shop\/cat\/contact\/","title":{"rendered":"Contacte"},"content":{"rendered":"<div class=\"wp-block-uagb-container uagb-block-c3916f35 alignfull uagb-is-root-container\"><div class=\"uagb-container-inner-blocks-wrap\">\n<div class=\"wp-block-uagb-advanced-heading uagb-block-7a6f273f\"><h1 class=\"uagb-heading-text\">Contacte<\/h1><\/div>\n<\/div><\/div>\n\n\n\n<div class=\"wp-block-columns is-layout-flex wp-container-core-columns-is-layout-28f84493 wp-block-columns-is-layout-flex\">\n<div class=\"wp-block-column is-layout-flow wp-block-column-is-layout-flow\" style=\"flex-basis:100%\">\n<div class=\"wp-block-uagb-advanced-heading uagb-block-8a5b2ab7\" id=\"seccion-contacto\"><h2 class=\"uagb-heading-text\">Vols m\u00e9s informaci\u00f3? Contacta'ns! <\/h2><div class=\"uagb-separator\"><\/div><\/div>\n\n\n\n<p><\/p>\n\n\n\n<div class=\"wp-block-uagb-container uagb-block-23d3f95b alignfull uagb-is-root-container\"><div class=\"uagb-container-inner-blocks-wrap\">\n<div class=\"wp-block-uagb-advanced-heading uagb-block-b352ea80\"><h3 class=\"uagb-heading-text\">Pots enviar-nos la teva consulta a Pcsystem, mitjan\u00e7ant aquest formulari:<\/h3><\/div>\n\n\n\n<div class=\"wp-block-uagb-container uagb-block-db39c84d alignfull uagb-is-root-container\"><div class=\"uagb-container-inner-blocks-wrap\">\n<div class=\"wp-block-uagb-container uagb-block-c640e266\">\n<div class=\"wp-block-uagb-advanced-heading uagb-block-644d459e\"><h4 class=\"uagb-heading-text\">Pcsystem <\/h4><\/div>\n\n\n\n<div class=\"wp-block-uagb-info-box uagb-block-85c85293 uagb-infobox__content-wrap  uagb-infobox-icon-above-title uagb-infobox-image-valign-top\"><div class=\"uagb-ifb-content\"><div class=\"uagb-ifb-title-wrap\"><h6 class=\"uagb-ifb-title-prefix\">Pcsystem Figueres:<\/h6><p class=\"uagb-ifb-title\">Carrer del Compositor Abd\u00f3 Mund\u00ed, 9, -Local A<\/p><\/div><\/div><\/div>\n\n\n\n<div class=\"wp-block-uagb-info-box uagb-block-ba6be239 uagb-infobox__content-wrap  uagb-infobox-icon-above-title uagb-infobox-image-valign-top\"><div class=\"uagb-ifb-content\"><div class=\"uagb-ifb-title-wrap\"><h6 class=\"uagb-ifb-title-prefix\">Email:<\/h6><p class=\"uagb-ifb-title\">info@pcsystem.shop<\/p><\/div><\/div><\/div>\n\n\n\n<div class=\"wp-block-uagb-info-box uagb-block-dcfb2d76 uagb-infobox__content-wrap  uagb-infobox-icon-above-title uagb-infobox-image-valign-top\"><div class=\"uagb-ifb-content\"><div class=\"uagb-ifb-title-wrap\"><h6 class=\"uagb-ifb-title-prefix\">Tel\u00e8fon:<\/h6><p class=\"uagb-ifb-title\">Tel: 972508030<br>WhatsApp: 663806542<\/p><\/div><\/div><\/div>\n<\/div>\n\n\n\n<div class=\"wp-block-uagb-container uagb-block-985a91b0\"><div class=\"wpforms-container wpforms-block wpforms-block-1161ed9a-9cc7-44f4-8886-0d0059827370\" id=\"wpforms-2413\"><form id=\"wpforms-form-2413\" class=\"wpforms-validate wpforms-form wpforms-ajax-form\" data-formid=\"2413\" method=\"post\" enctype=\"multipart\/form-data\" action=\"\/cat\/wp-json\/wp\/v2\/pages\/1402\" data-token=\"0092b0526280f7cf17628effb8c289a5\" data-token-time=\"1776354443\" data-trp-original-action=\"\/cat\/wp-json\/wp\/v2\/pages\/1402\"><noscript class=\"wpforms-error-noscript\">Activeu el JavaScript al navegador per a poder completar el formulari.<\/noscript><div class=\"wpforms-field-container\"><div id=\"wpforms-2413-field_1-container\" class=\"wpforms-field wpforms-field-name\" data-field-id=\"1\"><label class=\"wpforms-field-label\">Nom <span class=\"wpforms-required-label\">*<\/span><\/label><div class=\"wpforms-field-row wpforms-field-large\"><div class=\"wpforms-field-row-block wpforms-first wpforms-one-half\"><input type=\"text\" id=\"wpforms-2413-field_1\" class=\"wpforms-field-name-first wpforms-field-required\" name=\"wpforms[fields][1][first]\" required><label for=\"wpforms-2413-field_1\" class=\"wpforms-field-sublabel after\">Nom<\/label><\/div><div class=\"wpforms-field-row-block wpforms-one-half\"><input type=\"text\" id=\"wpforms-2413-field_1-last\" class=\"wpforms-field-name-last wpforms-field-required\" name=\"wpforms[fields][1][last]\" required><label for=\"wpforms-2413-field_1-last\" class=\"wpforms-field-sublabel after\">Cognoms<\/label><\/div><\/div><\/div>\t\t<div id=\"wpforms-2413-field_5-container\"\n\t\t\tclass=\"wpforms-field wpforms-field-text\"\n\t\t\tdata-field-type=\"text\"\n\t\t\tdata-field-id=\"5\"\n\t\t\t>\n\t\t\t<label class=\"wpforms-field-label\" for=\"wpforms-2413-field_5\" >Tel\u00e9fono Asunto Nombre<\/label>\n\t\t\t<input type=\"text\" id=\"wpforms-2413-field_5\" class=\"wpforms-field-medium\" name=\"wpforms[fields][5]\" >\n\t\t<\/div>\n\t\t<div id=\"wpforms-2413-field_2-container\" class=\"wpforms-field wpforms-field-email\" data-field-id=\"2\"><label class=\"wpforms-field-label\" for=\"wpforms-2413-field_2\">Correu electr\u00f2nic <span class=\"wpforms-required-label\">*<\/span><\/label><input type=\"email\" id=\"wpforms-2413-field_2\" class=\"wpforms-field-large wpforms-field-required\" name=\"wpforms[fields][2]\" spellcheck=\"false\" required><\/div><div id=\"wpforms-2413-field_7-container\" class=\"wpforms-field wpforms-field-number\" data-field-id=\"7\"><label class=\"wpforms-field-label\" for=\"wpforms-2413-field_7\">Tel\u00e8fon<\/label><input type=\"number\" id=\"wpforms-2413-field_7\" class=\"wpforms-field-large\" name=\"wpforms[fields][7]\" step=\"any\" ><\/div><div id=\"wpforms-2413-field_8-container\" class=\"wpforms-field wpforms-field-select wpforms-field-select-style-classic\" data-field-id=\"8\"><label class=\"wpforms-field-label\" for=\"wpforms-2413-field_8\">Assumpte <span class=\"wpforms-required-label\">*<\/span><\/label><select id=\"wpforms-2413-field_8\" class=\"wpforms-field-large wpforms-field-required\" name=\"wpforms[fields][8]\" required=\"required\"><option value=\"\" class=\"placeholder\" disabled selected='selected'>&#8212; Selecciona la opci\u00f3n &#8212;<\/option><option value=\"Reservar cita\"  class=\"choice-1 depth-1\"  >Reservar cita<\/option><option value=\"Cu\u00e9ntanos tu caso\"  class=\"choice-2 depth-1\"  >Cu\u00e9ntanos tu caso<\/option><option value=\"Otros\"  class=\"choice-3 depth-1\"  >Otros<\/option><\/select><\/div><div id=\"wpforms-2413-field_3-container\" class=\"wpforms-field wpforms-field-textarea\" data-field-id=\"3\"><label class=\"wpforms-field-label\" for=\"wpforms-2413-field_3\">Missatge <span class=\"wpforms-required-label\">*<\/span><\/label><textarea id=\"wpforms-2413-field_3\" class=\"wpforms-field-medium wpforms-field-required\" name=\"wpforms[fields][3]\" required><\/textarea><\/div><div id=\"wpforms-2413-field_4-container\" class=\"wpforms-field wpforms-field-gdpr-checkbox\" data-field-id=\"4\"><ul id=\"wpforms-2413-field_4\" class=\"wpforms-field-required\"><li class=\"choice-1\"><input type=\"checkbox\" id=\"wpforms-2413-field_4_1\" name=\"wpforms[fields][4][]\" value=\"Doy mi consentimiento para que esta web almacene la informaci\u00f3n que env\u00edo para que puedan responder a mi petici\u00f3n &lt;a href=&quot;https:\/\/pcsystem.shop\/politica-de-privacidad\/&quot; target=&quot;_blank&quot;&gt;pol\u00edtica de privacidad&lt;\/a&gt;\" required><label class=\"wpforms-field-label-inline\" for=\"wpforms-2413-field_4_1\">Dono el meu consentiment perqu\u00e8 aquesta web emmagatzemi la informaci\u00f3 que envio perqu\u00e8 puguin respondre a la meva petici\u00f3 <a href=\"https:\/\/pcsystem.shop\/cat\/politica-de-privacidad\/\" target=\"_blank\">pol\u00edtica de privacidad<\/a><\/label><\/li><\/ul><\/div><script>\n\t\t\t\t( function() {\n\t\t\t\t\tconst style = document.createElement( 'style' );\n\t\t\t\t\tstyle.appendChild( document.createTextNode( '#wpforms-2413-field_5-container { position: absolute !important; overflow: hidden !important; display: inline !important; height: 1px !important; width: 1px !important; z-index: -1000 !important; padding: 0 !important; } #wpforms-2413-field_5-container input { visibility: hidden; } #wpforms-conversational-form-page #wpforms-2413-field_5-container label { counter-increment: none; }' ) );\n\t\t\t\t\tdocument.head.appendChild( style );\n\t\t\t\t\tdocument.currentScript?.remove();\n\t\t\t\t} )();\n\t\t\t<\/script><\/div><!-- .wpforms-field-container --><div class=\"wpforms-recaptcha-container wpforms-is-recaptcha wpforms-is-recaptcha-type-v2\" ><div class=\"g-recaptcha\" data-sitekey=\"6Ld97PcrAAAAAC8rpsoZTTYL2S6Z7_rv79ur8Akd\"><\/div><input type=\"text\" name=\"g-recaptcha-hidden\" class=\"wpforms-recaptcha-hidden\" style=\"position:absolute!important;clip:rect(0,0,0,0)!important;height:1px!important;width:1px!important;border:0!important;overflow:hidden!important;padding:0!important;margin:0!important;\" data-rule-recaptcha=\"1\"><\/div><div class=\"wpforms-submit-container\" ><input type=\"hidden\" name=\"wpforms[id]\" value=\"2413\"><input type=\"hidden\" name=\"page_title\" value=\"\"><input type=\"hidden\" name=\"page_url\" value=\"https:\/\/pcsystem.shop\/cat\/wp-json\/wp\/v2\/pages\/1402\"><input type=\"hidden\" name=\"url_referer\" value=\"\"><button type=\"submit\" name=\"wpforms[submit]\" id=\"wpforms-submit-2413\" class=\"wpforms-submit\" data-alt-text=\"Enviando...\" data-submit-text=\"Enviar\" aria-live=\"assertive\" value=\"wpforms-submit\">Enviar<\/button><img loading=\"lazy\" decoding=\"async\" src=\"https:\/\/pcsystem.shop\/wp-content\/plugins\/wpforms-lite\/assets\/images\/submit-spin.svg\" class=\"wpforms-submit-spinner\" style=\"display: none;\" width=\"26\" height=\"26\" alt=\"S&#039;est\u00e0 carregant\"><\/div><input type=\"hidden\" name=\"trp-form-language\" value=\"cat\"\/><\/form><\/div>  <!-- .wpforms-container --><\/div>\n<\/div><\/div>\n<\/div><\/div>\n\n\n\n<p><\/p>\n\n\n\n<div class=\"wp-block-uagb-advanced-heading uagb-block-f08501f1\"><h2 class=\"uagb-heading-text\">On som? <\/h2><div class=\"uagb-separator\"><\/div><\/div>\n\n\n\n<iframe src=\"https:\/\/www.google.com\/maps\/embed?pb=!1m18!1m12!1m3!1d3634.7676081840264!2d2.964444001835441!3d42.271079849270905!2m3!1f0!2f0!3f0!3m2!1i1024!2i768!4f13.1!3m3!1m2!1s0x12ba8ddb712236e1%3A0x49253d34d9f2fafa!2sPc%20system!5e0!3m2!1ses!2ses!4v1753662570641!5m2!1ses!2ses\" width=\"100%\" height=\"450\" style=\"border:0;\" allowfullscreen=\"\" loading=\"lazy\" referrerpolicy=\"no-referrer-when-downgrade\"><\/iframe>\n<\/div>\n<\/div>\n\n\n\n<p><\/p>","protected":false},"excerpt":{"rendered":"<p>Contacto \u00bfQuieres m\u00e1s informaci\u00f3n? \u00a1Cont\u00e1ctanos! Puedes enviarnos tu consulta a Pcsystem, trav\u00e9s de este formulario: Pcsystem \u00bfDonde estamos?<\/p>","protected":false},"author":1,"featured_media":0,"parent":0,"menu_order":0,"comment_status":"closed","ping_status":"closed","template":"","meta":{"_uag_custom_page_level_css":"","site-sidebar-layout":"default","site-content-layout":"page-builder","ast-site-content-layout":"full-width-container","site-content-style":"unboxed","site-sidebar-style":"unboxed","ast-global-header-display":"","ast-banner-title-visibility":"","ast-main-header-display":"","ast-hfb-above-header-display":"","ast-hfb-below-header-display":"","ast-hfb-mobile-header-display":"","site-post-title":"disabled","ast-breadcrumbs-content":"","ast-featured-img":"","footer-sml-layout":"","theme-transparent-header-meta":"","adv-header-id-meta":"","stick-header-meta":"","header-above-stick-meta":"","header-main-stick-meta":"","header-below-stick-meta":"","astra-migrate-meta-layouts":"set","ast-page-background-enabled":"default","ast-page-background-meta":{"desktop":{"background-color":"","background-image":"","background-repeat":"repeat","background-position":"center center","background-size":"auto","background-attachment":"scroll","background-type":"","background-media":"","overlay-type":"","overlay-color":"","overlay-opacity":"","overlay-gradient":""},"tablet":{"background-color":"","background-image":"","background-repeat":"repeat","background-position":"center center","background-size":"auto","background-attachment":"scroll","background-type":"","background-media":"","overlay-type":"","overlay-color":"","overlay-opacity":"","overlay-gradient":""},"mobile":{"background-color":"","background-image":"","background-repeat":"repeat","background-position":"center center","background-size":"auto","background-attachment":"scroll","background-type":"","background-media":"","overlay-type":"","overlay-color":"","overlay-opacity":"","overlay-gradient":""}},"ast-content-background-meta":{"desktop":{"background-color":"var(--ast-global-color-5)","background-image":"","background-repeat":"repeat","background-position":"center center","background-size":"auto","background-attachment":"scroll","background-type":"","background-media":"","overlay-type":"","overlay-color":"","overlay-opacity":"","overlay-gradient":""},"tablet":{"background-color":"var(--ast-global-color-5)","background-image":"","background-repeat":"repeat","background-position":"center center","background-size":"auto","background-attachment":"scroll","background-type":"","background-media":"","overlay-type":"","overlay-color":"","overlay-opacity":"","overlay-gradient":""},"mobile":{"background-color":"var(--ast-global-color-5)","background-image":"","background-repeat":"repeat","background-position":"center center","background-size":"auto","background-attachment":"scroll","background-type":"","background-media":"","overlay-type":"","overlay-color":"","overlay-opacity":"","overlay-gradient":""}},"footnotes":""},"class_list":["post-1402","page","type-page","status-publish","hentry"],"uagb_featured_image_src":{"full":false,"thumbnail":false,"medium":false,"medium_large":false,"large":false,"1536x1536":false,"2048x2048":false,"trp-custom-language-flag":false},"uagb_author_info":{"display_name":"admin","author_link":"https:\/\/pcsystem.shop\/cat\/author\/admin\/"},"uagb_comment_info":0,"uagb_excerpt":"Contacto \u00bfQuieres m\u00e1s informaci\u00f3n? \u00a1Cont\u00e1ctanos! Puedes enviarnos tu consulta a Pcsystem, trav\u00e9s de este formulario: Pcsystem \u00bfDonde estamos?","_links":{"self":[{"href":"https:\/\/pcsystem.shop\/cat\/wp-json\/wp\/v2\/pages\/1402","targetHints":{"allow":["GET"]}}],"collection":[{"href":"https:\/\/pcsystem.shop\/cat\/wp-json\/wp\/v2\/pages"}],"about":[{"href":"https:\/\/pcsystem.shop\/cat\/wp-json\/wp\/v2\/types\/page"}],"author":[{"embeddable":true,"href":"https:\/\/pcsystem.shop\/cat\/wp-json\/wp\/v2\/users\/1"}],"replies":[{"embeddable":true,"href":"https:\/\/pcsystem.shop\/cat\/wp-json\/wp\/v2\/comments?post=1402"}],"version-history":[{"count":93,"href":"https:\/\/pcsystem.shop\/cat\/wp-json\/wp\/v2\/pages\/1402\/revisions"}],"predecessor-version":[{"id":3180,"href":"https:\/\/pcsystem.shop\/cat\/wp-json\/wp\/v2\/pages\/1402\/revisions\/3180"}],"wp:attachment":[{"href":"https:\/\/pcsystem.shop\/cat\/wp-json\/wp\/v2\/media?parent=1402"}],"curies":[{"name":"wp","href":"https:\/\/api.w.org\/{rel}","templated":true}]}}